{"id":1161,"date":"2024-05-16T11:13:04","date_gmt":"2024-05-16T11:13:04","guid":{"rendered":"https:\/\/meditopch.ch\/about-us\/"},"modified":"2024-06-05T11:21:38","modified_gmt":"2024-06-05T11:21:38","slug":"about-us","status":"publish","type":"page","link":"https:\/\/meditopch.ch\/it\/about-us\/","title":{"rendered":"About us"},"content":{"rendered":"<p>[et_pb_section fb_built=&#8221;1&#8243; fullwidth=&#8221;on&#8221; _builder_version=&#8221;4.25.1&#8243; _module_preset=&#8221;default&#8221; background_color=&#8221;RGBA(255,255,255,0)&#8221; use_background_color_gradient=&#8221;on&#8221; background_color_gradient_direction=&#8221;90deg&#8221; background_color_gradient_stops=&#8221;#0053a0 36%|rgba(255,255,255,0) 100%&#8221; custom_margin=&#8221;||||false|false&#8221; global_colors_info=&#8221;{}&#8221;][et_pb_fullwidth_image src=&#8221;https:\/\/meditopch.ch\/wp-content\/uploads\/2024\/05\/top-about-us.jpg&#8221; title_text=&#8221;top-about-us&#8221; module_class=&#8221;pagetop-image&#8221; _builder_version=&#8221;4.25.1&#8243; _module_preset=&#8221;default&#8221; background_color=&#8221;RGBA(255,255,255,0)&#8221; border_radii=&#8221;off||0%||&#8221; global_colors_info=&#8221;{}&#8221;][\/et_pb_fullwidth_image][\/et_pb_section][et_pb_section fb_built=&#8221;1&#8243; module_id=&#8221;about-us-top-text&#8221; _builder_version=&#8221;4.25.1&#8243; _module_preset=&#8221;default&#8221; background_color=&#8221;RGBA(255,255,255,0)&#8221; custom_margin=&#8221;90px||||false|false&#8221; custom_margin_tablet=&#8221;50px||50px||true|false&#8221; custom_margin_phone=&#8221;0px||||false|false&#8221; custom_margin_last_edited=&#8221;on|tablet&#8221; global_colors_info=&#8221;{}&#8221;][et_pb_row _builder_version=&#8221;4.25.1&#8243; _module_preset=&#8221;default&#8221; background_color=&#8221;RGBA(255,255,255,0)&#8221; width=&#8221;100%&#8221; max_width=&#8221;100%&#8221; custom_margin_tablet=&#8221;||||false&#8221; custom_margin_phone=&#8221;||||false&#8221; custom_margin_last_edited=&#8221;on|tablet&#8221; custom_padding=&#8221;0px||0px||true|false&#8221; animation_style=&#8221;slide&#8221; animation_direction=&#8221;right&#8221; animation_duration=&#8221;1350ms&#8221; custom_css_before=&#8221;content: %22%22;||position: absolute;||background-image: linear-gradient(90deg,rgba(0,83,160,.4) 40%,rgba(255,255,255,0) 100%);||width: 980px;||max-width: 50%;||height: 260px;||border-top-left-radius: 260px;||right: 0;||bottom: 0;&#8221; global_colors_info=&#8221;{}&#8221; custom_css_before_last_edited=&#8221;on|tablet&#8221; custom_css_before_tablet=&#8221;content: %22%22;||position: absolute;||background-image: linear-gradient(90deg,rgba(0,83,160,.4) 40%,rgba(255,255,255,0) 100%);||width: 980px;||max-width: 90%;||height: 260px;||border-top-left-radius: 260px;||right: 0;||bottom: 0;&#8221; custom_css_before_phone=&#8221;content: unset;&#8221;][et_pb_column type=&#8221;4_4&#8243; _builder_version=&#8221;4.25.1&#8243; _module_preset=&#8221;default&#8221; global_colors_info=&#8221;{}&#8221;][et_pb_text _builder_version=&#8221;4.25.1&#8243; _module_preset=&#8221;default&#8221; text_font=&#8221;|300|||||||&#8221; text_text_color=&#8221;#FFFFFF&#8221; text_font_size=&#8221;26px&#8221; text_line_height=&#8221;1.8em&#8221; background_color=&#8221;RGBA(255,255,255,0)&#8221; use_background_color_gradient=&#8221;on&#8221; background_color_gradient_direction=&#8221;90deg&#8221; background_color_gradient_stops=&#8221;#0053a0 35%|rgba(255,255,255,0) 100%&#8221; width=&#8221;980px&#8221; max_width=&#8221;50%&#8221; max_width_tablet=&#8221;90%&#8221; max_width_phone=&#8221;100%&#8221; max_width_last_edited=&#8221;on|phone&#8221; module_alignment=&#8221;right&#8221; min_height=&#8221;200px&#8221; height_tablet=&#8221;&#8221; height_phone=&#8221;&#8221; height_last_edited=&#8221;on|phone&#8221; custom_padding=&#8221;15px|80px||100px|false|false&#8221; custom_padding_tablet=&#8221;15px|80px||100px|false|false&#8221; custom_padding_phone=&#8221;50px|80px|40px|100px|false|false&#8221; custom_padding_last_edited=&#8221;on|tablet&#8221; hover_enabled=&#8221;0&#8243; custom_css_free_form=&#8221;selector p { ||  max-width: 620px;||  vertical-align: middle;||}||selector { ||  display: flex;||  align-items: center; ||}&#8221; border_radii=&#8221;off|200px|||&#8221; global_colors_info=&#8221;{}&#8221; sticky_enabled=&#8221;0&#8243;]MEDITOP Switzerland AG \u00e8 la filiale svizzera di MEDITOP Pharmaceutical Ltd., con sede in Ungheria.[\/et_pb_text][\/et_pb_column][\/et_pb_row][et_pb_row custom_padding_last_edited=&#8221;on|tablet&#8221; _builder_version=&#8221;4.25.1&#8243; _module_preset=&#8221;default&#8221; background_color=&#8221;RGBA(255,255,255,0)&#8221; width=&#8221;50%&#8221; width_tablet=&#8221;90%&#8221; width_phone=&#8221;100%&#8221; width_last_edited=&#8221;on|tablet&#8221; max_width=&#8221;50%&#8221; max_width_tablet=&#8221;90%&#8221; max_width_phone=&#8221;100%&#8221; max_width_last_edited=&#8221;on|phone&#8221; module_alignment=&#8221;left&#8221; custom_padding_tablet=&#8221;0px||0px||true|false&#8221; custom_padding_phone=&#8221;0px||0px||true|false&#8221; animation_style=&#8221;slide&#8221; animation_direction=&#8221;left&#8221; animation_duration=&#8221;1350ms&#8221; custom_css_before=&#8221;content: %22%22;||position: absolute;||background-image: linear-gradient(270deg,rgba(0,83,160,.4) 40%,rgba(255,255,255,0) 100%);||width: 100%;||height: 260px;||border-bottom-right-radius: 260px;||right: 980;||top: 0;&#8221; global_colors_info=&#8221;{}&#8221;][et_pb_column type=&#8221;4_4&#8243; _builder_version=&#8221;4.25.1&#8243; _module_preset=&#8221;default&#8221; custom_padding=&#8221;||||false|false&#8221; global_colors_info=&#8221;{}&#8221;][et_pb_text _builder_version=&#8221;4.25.1&#8243; _module_preset=&#8221;default&#8221; text_font=&#8221;|300|||||||&#8221; text_text_color=&#8221;#0053A0&#8243; text_font_size=&#8221;26px&#8221; text_line_height=&#8221;1.8em&#8221; background_color=&#8221;RGBA(255,255,255,0)&#8221; use_background_color_gradient=&#8221;on&#8221; background_color_gradient_direction=&#8221;270deg&#8221; background_color_gradient_stops=&#8221;#dee9f7 35%|rgba(255,255,255,0) 100%&#8221; module_alignment=&#8221;left&#8221; min_height=&#8221;200px&#8221; custom_padding=&#8221;|100px||30px|false|false&#8221; custom_padding_tablet=&#8221;|100px||30px|false|false&#8221; custom_padding_phone=&#8221;20px||50px||false|false&#8221; custom_padding_last_edited=&#8221;on|phone&#8221; hover_enabled=&#8221;0&#8243; custom_css_free_form=&#8221;selector p { ||  max-width: 560px;||  vertical-align: middle;||}||selector { ||  display: flex;||  align-items: center; ||  justify-content: flex-end;||}&#8221; border_radii=&#8221;off|||200px|&#8221; global_colors_info=&#8221;{}&#8221; sticky_enabled=&#8221;0&#8243;]<\/p>\n<p style=\"text-align: right;\">Siamo una delle realt\u00e0 pi\u00f9 giovani nel panorama dell\u2019industria farmaceutica svizzera.<\/p>\n<p>[\/et_pb_text][\/et_pb_column][\/et_pb_row][\/et_pb_section][et_pb_section fb_built=&#8221;1&#8243; custom_padding_last_edited=&#8221;on|phone&#8221; _builder_version=&#8221;4.25.1&#8243; _module_preset=&#8221;default&#8221; background_color=&#8221;RGBA(255,255,255,0)&#8221; background_image=&#8221;https:\/\/meditopch.ch\/wp-content\/uploads\/about-us-bg.jpg&#8221; custom_margin=&#8221;140px||||false|false&#8221; custom_margin_tablet=&#8221;20px||||false|false&#8221; custom_margin_phone=&#8221;20px||||false|false&#8221; custom_margin_last_edited=&#8221;on|phone&#8221; custom_padding_tablet=&#8221;0px||0px||true|false&#8221; custom_padding_phone=&#8221;0px||0px||true|false&#8221; global_colors_info=&#8221;{}&#8221;][et_pb_row _builder_version=&#8221;4.25.1&#8243; _module_preset=&#8221;default&#8221; global_colors_info=&#8221;{}&#8221;][et_pb_column type=&#8221;4_4&#8243; _builder_version=&#8221;4.25.1&#8243; _module_preset=&#8221;default&#8221; global_colors_info=&#8221;{}&#8221;][et_pb_text _builder_version=&#8221;4.25.1&#8243; _module_preset=&#8221;default&#8221; text_text_color=&#8221;#FFFFFF&#8221; text_font_size=&#8221;20px&#8221; text_line_height=&#8221;1.8em&#8221; header_4_font=&#8221;Playfair Display SC|||on|||||&#8221; header_4_text_color=&#8221;#FFFFFF&#8221; header_4_font_size=&#8221;55px&#8221; max_width=&#8221;880px&#8221; module_alignment=&#8221;center&#8221; custom_margin=&#8221;40px||40px||true|false&#8221; animation_style=&#8221;flip&#8221; animation_duration=&#8221;1100ms&#8221; hover_enabled=&#8221;0&#8243; text_font_size_tablet=&#8221;20px&#8221; text_font_size_phone=&#8221;16px&#8221; text_font_size_last_edited=&#8221;on|phone&#8221; header_4_font_size_tablet=&#8221;55px&#8221; header_4_font_size_phone=&#8221;40px&#8221; header_4_font_size_last_edited=&#8221;on|phone&#8221; custom_css_free_form=&#8221;selector h4 { margin-bottom: 12px;}&#8221; global_colors_info=&#8221;{}&#8221; sticky_enabled=&#8221;0&#8243;]<\/p>\n<p style=\"text-align: center;\">L\u2019obiettivo principale che perseguiamo \u00e8 lo stesso della nostra casa madre: offrire un valore aggiunto reale ai pazienti commercializzando prodotti da noi stessi sviluppati e realizzati nel rispetto dei pi\u00f9 alti standard professionali.<\/p>\n<h4 style=\"text-align: center;\">MEDITOP HA 30 ANNI<br \/>\nDI ESPERIENZA<\/h4>\n<p style=\"text-align: center;\">nello sviluppo, nella produzione e nella commercializzazione<br \/>\ndi medicamenti e integratori alimentari.<\/p>\n<p>[\/et_pb_text][\/et_pb_column][\/et_pb_row][\/et_pb_section][et_pb_section fb_built=&#8221;1&#8243; custom_padding_last_edited=&#8221;on|phone&#8221; _builder_version=&#8221;4.25.1&#8243; _module_preset=&#8221;default&#8221; background_color=&#8221;RGBA(255,255,255,0)&#8221; background_image=&#8221;https:\/\/meditopch.ch\/wp-content\/uploads\/about-us-vision-hatter.jpg&#8221; background_size=&#8221;stretch&#8221; background_position=&#8221;top_right&#8221; custom_margin=&#8221;||||false|false&#8221; custom_padding=&#8221;125px||||false|false&#8221; custom_padding_tablet=&#8221;40px||0px||false|false&#8221; custom_padding_phone=&#8221;40px||0px||false|false&#8221; global_colors_info=&#8221;{}&#8221;][et_pb_row column_structure=&#8221;1_3,1_3,1_3&#8243; use_custom_gutter=&#8221;on&#8221; gutter_width=&#8221;1&#8243; _builder_version=&#8221;4.25.1&#8243; _module_preset=&#8221;default&#8221; global_colors_info=&#8221;{}&#8221;][et_pb_column type=&#8221;1_3&#8243; _builder_version=&#8221;4.25.1&#8243; _module_preset=&#8221;default&#8221; global_colors_info=&#8221;{}&#8221;][et_pb_text module_class=&#8221;sx-vision-block&#8221; _builder_version=&#8221;4.25.1&#8243; _module_preset=&#8221;default&#8221; text_letter_spacing=&#8221;1px&#8221; background_color=&#8221;RGBA(255,255,255,0)&#8221; background_image=&#8221;https:\/\/meditopch.ch\/wp-content\/uploads\/icon-vision.png&#8221; background_size=&#8221;initial&#8221; background_position=&#8221;top_left&#8221; module_alignment=&#8221;center&#8221; min_height=&#8221;300px&#8221; custom_margin=&#8221;||20px||false|false&#8221; custom_padding=&#8221;2px||2px||true|false&#8221; animation_style=&#8221;fold&#8221; animation_direction=&#8221;top&#8221; animation_duration=&#8221;700ms&#8221; hover_enabled=&#8221;0&#8243; border_radii=&#8221;off||30px||30px&#8221; global_colors_info=&#8221;{}&#8221; sticky_enabled=&#8221;0&#8243;]<\/p>\n<h3>VISION<\/h3>\n<p>La nostra vision \u00e8 quella di portare in Svizzera nuove opzioni terapeutiche testate, collaudate e altamente efficaci attraverso medicamenti che affrontino e rispondano a bisogni non soddisfatti.[\/et_pb_text][\/et_pb_column][et_pb_column type=&#8221;1_3&#8243; _builder_version=&#8221;4.25.1&#8243; _module_preset=&#8221;default&#8221; global_colors_info=&#8221;{}&#8221;][et_pb_text module_class=&#8221;sx-vision-block&#8221; _builder_version=&#8221;4.25.1&#8243; _module_preset=&#8221;default&#8221; text_letter_spacing=&#8221;1px&#8221; background_color=&#8221;RGBA(255,255,255,0)&#8221; background_image=&#8221;https:\/\/meditopch.ch\/wp-content\/uploads\/icon-mission.png&#8221; background_size=&#8221;initial&#8221; background_position=&#8221;top_left&#8221; module_alignment=&#8221;center&#8221; min_height=&#8221;300px&#8221; custom_margin=&#8221;||20px||false|false&#8221; custom_padding=&#8221;2px||2px||true|false&#8221; animation_style=&#8221;fold&#8221; animation_direction=&#8221;top&#8221; animation_duration=&#8221;700ms&#8221; animation_delay=&#8221;600ms&#8221; hover_enabled=&#8221;0&#8243; border_radii=&#8221;off||30px||30px&#8221; global_colors_info=&#8221;{}&#8221; sticky_enabled=&#8221;0&#8243;]<\/p>\n<h3>MISSION<\/h3>\n<p>La nostra mission \u00e8 colmare le lacune esistenti nel mercato sanitario per ottimizzare l\u2019efficienza e la variet\u00e0 delle terapie.[\/et_pb_text][\/et_pb_column][et_pb_column type=&#8221;1_3&#8243; _builder_version=&#8221;4.25.1&#8243; _module_preset=&#8221;default&#8221; global_colors_info=&#8221;{}&#8221;][et_pb_text module_class=&#8221;sx-vision-block&#8221; _builder_version=&#8221;4.25.1&#8243; _module_preset=&#8221;default&#8221; text_letter_spacing=&#8221;1px&#8221; background_color=&#8221;RGBA(255,255,255,0)&#8221; background_image=&#8221;https:\/\/meditopch.ch\/wp-content\/uploads\/icon-strategy.png&#8221; background_size=&#8221;initial&#8221; background_position=&#8221;top_left&#8221; module_alignment=&#8221;center&#8221; min_height=&#8221;300px&#8221; custom_margin=&#8221;||20px||false|false&#8221; custom_padding=&#8221;2px||2px||true|false&#8221; animation_style=&#8221;fold&#8221; animation_direction=&#8221;top&#8221; animation_duration=&#8221;700ms&#8221; animation_delay=&#8221;1200ms&#8221; hover_enabled=&#8221;0&#8243; border_radii=&#8221;off||30px||30px&#8221; global_colors_info=&#8221;{}&#8221; sticky_enabled=&#8221;0&#8243;]<\/p>\n<h3>STRATEGIA<\/h3>\n<p>Offriamo importanti prodotti di nicchia in Svizzera. Questi prodotti rappresentano un\u2019utile integrazione alla terapia medica, sia per i pazienti sia per gli operatori sanitari, offrendo un valore aggiunto reale a beneficio dei pazienti.[\/et_pb_text][\/et_pb_column][\/et_pb_row][\/et_pb_section][et_pb_section fb_built=&#8221;1&#8243; _builder_version=&#8221;4.25.1&#8243; _module_preset=&#8221;default&#8221; background_color=&#8221;#f5f5f5&#8243; background_image=&#8221;https:\/\/meditopch.ch\/wp-content\/uploads\/management-bg-csikkal.jpg&#8221; background_size=&#8221;custom&#8221; background_image_width=&#8221;100%&#8221; background_position=&#8221;top_center&#8221; custom_margin=&#8221;100px||0px||false|false&#8221; custom_margin_tablet=&#8221;0px||0px||false|false&#8221; custom_margin_phone=&#8221;0px||0px||false|false&#8221; custom_margin_last_edited=&#8221;on|tablet&#8221; custom_padding=&#8221;||||false|false&#8221; background_last_edited=&#8221;on|tablet&#8221; background_size_tablet=&#8221;initial&#8221; background_image_width_tablet=&#8221;100%&#8221; background_position_tablet=&#8221;top_left&#8221; background_vertical_offset_tablet=&#8221;-100px&#8221; global_colors_info=&#8221;{}&#8221;][et_pb_row column_structure=&#8221;1_2,1_2&#8243; _builder_version=&#8221;4.25.1&#8243; _module_preset=&#8221;default&#8221; global_colors_info=&#8221;{}&#8221;][et_pb_column type=&#8221;1_2&#8243; _builder_version=&#8221;4.25.1&#8243; _module_preset=&#8221;default&#8221; global_colors_info=&#8221;{}&#8221;][et_pb_image src=&#8221;https:\/\/meditopch.ch\/wp-content\/uploads\/andrus-csaba.png&#8221; title_text=&#8221;andrus-csaba&#8221; align_tablet=&#8221;center&#8221; align_phone=&#8221;center&#8221; align_last_edited=&#8221;on|phone&#8221; _builder_version=&#8221;4.25.1&#8243; _module_preset=&#8221;default&#8221; animation_style=&#8221;bounce&#8221; global_colors_info=&#8221;{}&#8221;][\/et_pb_image][\/et_pb_column][et_pb_column type=&#8221;1_2&#8243; _builder_version=&#8221;4.25.1&#8243; _module_preset=&#8221;default&#8221; animation_style=&#8221;zoom&#8221; global_colors_info=&#8221;{}&#8221;][et_pb_text content_tablet=&#8221;<\/p>\n<h2 style=%22text-align: center;%22>MANAGEMENT<\/h2>\n<p>&#8221; content_phone=&#8221;<\/p>\n<h2 style=%22text-align: center;%22>MANAGEMENT<\/h2>\n<p>&#8221; content_last_edited=&#8221;on|desktop&#8221; _builder_version=&#8221;4.25.1&#8243; _module_preset=&#8221;default&#8221; header_2_font_size=&#8221;32px&#8221; custom_margin=&#8221;94px||25px|||&#8221; custom_margin_tablet=&#8221;20px||25px||false|false&#8221; custom_margin_phone=&#8221;20px||25px||false|false&#8221; custom_margin_last_edited=&#8221;on|tablet&#8221; custom_padding_tablet=&#8221;||||false|false&#8221; custom_padding_phone=&#8221;|||0%|false|false&#8221; custom_padding_last_edited=&#8221;on|phone&#8221; global_colors_info=&#8221;{}&#8221;]<\/p>\n<h2>MANAGEMENT<\/h2>\n<p>[\/et_pb_text][et_pb_text content_tablet=&#8221;<\/p>\n<h2 style=%22text-align: center;%22>Csaba Andrus<br \/>dr. pharm. univ. (H)<\/h2>\n<p style=%22text-align: center;%22>PHARMACIST AND GENERAL MANAGER<\/p>\n<h5 style=%22text-align: center;%22>direct contact:<\/h5>\n<p style=%22text-align: center;%22>+41 76 580 24 49<br \/><a href=%22mailto:%20csaba.andrus@meditopch.ch%22>csaba.andrus@meditopch.ch<\/a><\/p>\n<p>&#8221; content_phone=&#8221;<\/p>\n<h2 style=%22text-align: center;%22>Csaba Andrus<br \/>dr. pharm. univ. (H)<\/h2>\n<p style=%22text-align: center;%22>PHARMACIST AND GENERAL MANAGER<\/p>\n<h5 style=%22text-align: center;%22>direct contact:<\/h5>\n<p style=%22text-align: center;%22>+41 76 580 24 49<br \/><a href=%22mailto:%20csaba.andrus@meditopch.ch%22>csaba.andrus@meditopch.ch<\/a><\/p>\n<p>&#8221; content_last_edited=&#8221;on|tablet&#8221; _builder_version=&#8221;4.25.1&#8243; _module_preset=&#8221;default&#8221; text_text_color=&#8221;#000000&#8243; text_font_size=&#8221;18px&#8221; link_text_color=&#8221;#000000&#8243; link_font_size=&#8221;18px&#8221; header_2_font=&#8221;|300||on|||||&#8221; header_5_font=&#8221;|||on|||||&#8221; custom_padding_tablet=&#8221;||||false|false&#8221; custom_padding_phone=&#8221;|||0%|false|false&#8221; custom_padding_last_edited=&#8221;on|phone&#8221; hover_enabled=&#8221;0&#8243; custom_css_free_form=&#8221;selector h5 { margin-top: 1.6em; }&#8221; global_colors_info=&#8221;{}&#8221; custom_css_main_element_last_edited=&#8221;on|tablet&#8221; sticky_enabled=&#8221;0&#8243;]<\/p>\n<h2>Csaba Andrus<br \/>\ndr. pharm. univ. (H)<\/h2>\n<p>FARMACISTA E GENERAL MANAGER<\/p>\n<h5>Contatto diretto:<\/h5>\n<p>+41 76 580 24 49<br \/>\n<a href=\"mailto:%20csaba.andrus@meditopch.ch\">csaba.andrus@meditopch.ch<\/a>[\/et_pb_text][et_pb_image src=&#8221;https:\/\/meditopch.ch\/wp-content\/uploads\/ambrus-qr-code.png&#8221; title_text=&#8221;ambrus-qr-code&#8221; align_tablet=&#8221;center&#8221; align_phone=&#8221;center&#8221; align_last_edited=&#8221;on|tablet&#8221; _builder_version=&#8221;4.25.1&#8243; _module_preset=&#8221;default&#8221; custom_margin=&#8221;||20px||false|false&#8221; global_colors_info=&#8221;{}&#8221;][\/et_pb_image][\/et_pb_column][\/et_pb_row][\/et_pb_section][et_pb_section fb_built=&#8221;1&#8243; disabled_on=&#8221;on|on|off&#8221; _builder_version=&#8221;4.25.1&#8243; _module_preset=&#8221;default&#8221; background_color=&#8221;#FFFFFF&#8221; height=&#8221;60px&#8221; custom_margin=&#8221;0px||0px||true|false&#8221; custom_padding=&#8221;0px||0px||true|false&#8221; global_colors_info=&#8221;{}&#8221;][et_pb_row _builder_version=&#8221;4.25.1&#8243; _module_preset=&#8221;default&#8221; global_colors_info=&#8221;{}&#8221;][et_pb_column type=&#8221;4_4&#8243; _builder_version=&#8221;4.25.1&#8243; _module_preset=&#8221;default&#8221; global_colors_info=&#8221;{}&#8221;][et_pb_code _builder_version=&#8221;4.25.1&#8243; _module_preset=&#8221;default&#8221; global_colors_info=&#8221;{}&#8221;][\/et_pb_code][\/et_pb_column][\/et_pb_row][\/et_pb_section]<\/p>\n","protected":false},"excerpt":{"rendered":"<p>MEDITOP Switzerland AG \u00e8 la filiale svizzera di MEDITOP Pharmaceutical Ltd., con sede in Ungheria.Siamo una delle realt\u00e0 pi\u00f9 giovani nel panorama dell\u2019industria farmaceutica svizzera.L\u2019obiettivo principale che perseguiamo \u00e8 lo stesso della nostra casa madre: offrire un valore aggiunto reale ai pazienti commercializzando prodotti da noi stessi sviluppati e realizzati nel rispetto dei pi\u00f9 alti [&hellip;]<\/p>\n","protected":false},"author":1,"featured_media":0,"parent":0,"menu_order":0,"comment_status":"closed","ping_status":"closed","template":"","meta":{"_et_pb_use_builder":"on","_et_pb_old_content":"","_et_gb_content_width":"","footnotes":""},"class_list":["post-1161","page","type-page","status-publish","hentry"],"yoast_head":"<!-- This site is optimized with the Yoast SEO plugin v27.4 - https:\/\/yoast.com\/product\/yoast-seo-wordpress\/ -->\n<title>About us - Meditop<\/title>\n<meta name=\"robots\" content=\"index, follow, max-snippet:-1, max-image-preview:large, max-video-preview:-1\" \/>\n<link rel=\"canonical\" href=\"https:\/\/meditopch.ch\/it\/about-us\/\" \/>\n<meta property=\"og:locale\" content=\"it_IT\" \/>\n<meta property=\"og:type\" content=\"article\" \/>\n<meta property=\"og:title\" content=\"About us - Meditop\" \/>\n<meta property=\"og:description\" content=\"MEDITOP Switzerland AG \u00e8 la filiale svizzera di MEDITOP Pharmaceutical Ltd., con sede in Ungheria.Siamo una delle realt\u00e0 pi\u00f9 giovani nel panorama dell\u2019industria farmaceutica svizzera.L\u2019obiettivo principale che perseguiamo \u00e8 lo stesso della nostra casa madre: offrire un valore aggiunto reale ai pazienti commercializzando prodotti da noi stessi sviluppati e realizzati nel rispetto dei pi\u00f9 alti [&hellip;]\" \/>\n<meta property=\"og:url\" content=\"https:\/\/meditopch.ch\/it\/about-us\/\" \/>\n<meta property=\"og:site_name\" content=\"Meditop\" \/>\n<meta property=\"article:modified_time\" content=\"2024-06-05T11:21:38+00:00\" \/>\n<meta name=\"twitter:card\" content=\"summary_large_image\" \/>\n<meta name=\"twitter:label1\" content=\"Tempo di lettura stimato\" \/>\n\t<meta name=\"twitter:data1\" content=\"9 minuti\" \/>\n<script type=\"application\/ld+json\" class=\"yoast-schema-graph\">{\"@context\":\"https:\\\/\\\/schema.org\",\"@graph\":[{\"@type\":\"WebPage\",\"@id\":\"https:\\\/\\\/meditopch.ch\\\/it\\\/about-us\\\/\",\"url\":\"https:\\\/\\\/meditopch.ch\\\/it\\\/about-us\\\/\",\"name\":\"About us - Meditop\",\"isPartOf\":{\"@id\":\"https:\\\/\\\/meditopch.ch\\\/#website\"},\"datePublished\":\"2024-05-16T11:13:04+00:00\",\"dateModified\":\"2024-06-05T11:21:38+00:00\",\"breadcrumb\":{\"@id\":\"https:\\\/\\\/meditopch.ch\\\/it\\\/about-us\\\/#breadcrumb\"},\"inLanguage\":\"it-IT\",\"potentialAction\":[{\"@type\":\"ReadAction\",\"target\":[\"https:\\\/\\\/meditopch.ch\\\/it\\\/about-us\\\/\"]}]},{\"@type\":\"BreadcrumbList\",\"@id\":\"https:\\\/\\\/meditopch.ch\\\/it\\\/about-us\\\/#breadcrumb\",\"itemListElement\":[{\"@type\":\"ListItem\",\"position\":1,\"name\":\"Startseite\",\"item\":\"https:\\\/\\\/meditopch.ch\\\/it\\\/\"},{\"@type\":\"ListItem\",\"position\":2,\"name\":\"About us\"}]},{\"@type\":\"WebSite\",\"@id\":\"https:\\\/\\\/meditopch.ch\\\/#website\",\"url\":\"https:\\\/\\\/meditopch.ch\\\/\",\"name\":\"Meditop\",\"description\":\"\",\"potentialAction\":[{\"@type\":\"SearchAction\",\"target\":{\"@type\":\"EntryPoint\",\"urlTemplate\":\"https:\\\/\\\/meditopch.ch\\\/?s={search_term_string}\"},\"query-input\":{\"@type\":\"PropertyValueSpecification\",\"valueRequired\":true,\"valueName\":\"search_term_string\"}}],\"inLanguage\":\"it-IT\"}]}<\/script>\n<!-- \/ Yoast SEO plugin. -->","yoast_head_json":{"title":"About us - Meditop","robots":{"index":"index","follow":"follow","max-snippet":"max-snippet:-1","max-image-preview":"max-image-preview:large","max-video-preview":"max-video-preview:-1"},"canonical":"https:\/\/meditopch.ch\/it\/about-us\/","og_locale":"it_IT","og_type":"article","og_title":"About us - Meditop","og_description":"MEDITOP Switzerland AG \u00e8 la filiale svizzera di MEDITOP Pharmaceutical Ltd., con sede in Ungheria.Siamo una delle realt\u00e0 pi\u00f9 giovani nel panorama dell\u2019industria farmaceutica svizzera.L\u2019obiettivo principale che perseguiamo \u00e8 lo stesso della nostra casa madre: offrire un valore aggiunto reale ai pazienti commercializzando prodotti da noi stessi sviluppati e realizzati nel rispetto dei pi\u00f9 alti [&hellip;]","og_url":"https:\/\/meditopch.ch\/it\/about-us\/","og_site_name":"Meditop","article_modified_time":"2024-06-05T11:21:38+00:00","twitter_card":"summary_large_image","twitter_misc":{"Tempo di lettura stimato":"9 minuti"},"schema":{"@context":"https:\/\/schema.org","@graph":[{"@type":"WebPage","@id":"https:\/\/meditopch.ch\/it\/about-us\/","url":"https:\/\/meditopch.ch\/it\/about-us\/","name":"About us - Meditop","isPartOf":{"@id":"https:\/\/meditopch.ch\/#website"},"datePublished":"2024-05-16T11:13:04+00:00","dateModified":"2024-06-05T11:21:38+00:00","breadcrumb":{"@id":"https:\/\/meditopch.ch\/it\/about-us\/#breadcrumb"},"inLanguage":"it-IT","potentialAction":[{"@type":"ReadAction","target":["https:\/\/meditopch.ch\/it\/about-us\/"]}]},{"@type":"BreadcrumbList","@id":"https:\/\/meditopch.ch\/it\/about-us\/#breadcrumb","itemListElement":[{"@type":"ListItem","position":1,"name":"Startseite","item":"https:\/\/meditopch.ch\/it\/"},{"@type":"ListItem","position":2,"name":"About us"}]},{"@type":"WebSite","@id":"https:\/\/meditopch.ch\/#website","url":"https:\/\/meditopch.ch\/","name":"Meditop","description":"","potentialAction":[{"@type":"SearchAction","target":{"@type":"EntryPoint","urlTemplate":"https:\/\/meditopch.ch\/?s={search_term_string}"},"query-input":{"@type":"PropertyValueSpecification","valueRequired":true,"valueName":"search_term_string"}}],"inLanguage":"it-IT"}]}},"_links":{"self":[{"href":"https:\/\/meditopch.ch\/it\/wp-json\/wp\/v2\/pages\/1161","targetHints":{"allow":["GET"]}}],"collection":[{"href":"https:\/\/meditopch.ch\/it\/wp-json\/wp\/v2\/pages"}],"about":[{"href":"https:\/\/meditopch.ch\/it\/wp-json\/wp\/v2\/types\/page"}],"author":[{"embeddable":true,"href":"https:\/\/meditopch.ch\/it\/wp-json\/wp\/v2\/users\/1"}],"replies":[{"embeddable":true,"href":"https:\/\/meditopch.ch\/it\/wp-json\/wp\/v2\/comments?post=1161"}],"version-history":[{"count":4,"href":"https:\/\/meditopch.ch\/it\/wp-json\/wp\/v2\/pages\/1161\/revisions"}],"predecessor-version":[{"id":1240,"href":"https:\/\/meditopch.ch\/it\/wp-json\/wp\/v2\/pages\/1161\/revisions\/1240"}],"wp:attachment":[{"href":"https:\/\/meditopch.ch\/it\/wp-json\/wp\/v2\/media?parent=1161"}],"curies":[{"name":"wp","href":"https:\/\/api.w.org\/{rel}","templated":true}]}}